{"id":29965,"date":"2025-12-05T09:40:36","date_gmt":"2025-12-05T09:40:36","guid":{"rendered":"https:\/\/sbg-strausbuildgroup.com\/?post_type=product&#038;p=29965"},"modified":"2025-12-05T09:40:36","modified_gmt":"2025-12-05T09:40:36","slug":"spc-vinilne-plosce-ribja-kost-7-mm-rjav-hrast-164-m%c2%b2-klik-vodoodporne","status":"publish","type":"product","link":"https:\/\/sbg-strausbuildgroup.com\/hr\/product\/spc-vinilne-plosce-ribja-kost-7-mm-rjav-hrast-164-m%c2%b2-klik-vodoodporne\/","title":{"rendered":"SPC vinilne plo\u0161\u010de ribja kost 7 mm rjav hrast 1,64 m\u00b2 klik vodoodporne"},"content":{"rendered":"<h1><span dir=\"auto\">PC vinilne plo\u0161\u010de ribja kost 7 mm rjav hrast klik vodoodporne<\/span><\/h1>\n<p><b><span dir=\"auto\">ena v tej ponudbi velja za 1 paket 64\u00d712,8 cm x 6 mm + 1 mm (podlaga)<\/span><\/b><span dir=\"auto\">\u00a0\u00a0(1,64 m2)<\/span><\/p>\n<p><b><span dir=\"auto\">Plo\u0161\u010da z vgrajeno 1 mm podlogo \u2013 preprosto jo kupite in takoj za\u010dnite z monta\u017eo, brez potrebe po nakupu dodatne podloge.<\/span><\/b><\/p>\n<p><b><span dir=\"auto\">Primerno za vse vrste talnega ogrevanja<\/span><\/b><\/p>\n<p><span dir=\"auto\">Plo\u0161\u010de imajo integrirano 1 mm podlago<\/span><\/p>\n<p><span dir=\"auto\">Kompozitna tla s trdim jedrom, znana tudi kot SPC tla, predstavljajo najbolj trpe\u017eno vodoodporno vinilna tla, ki so na voljo na trgu.<\/span><\/p>\n<p><span dir=\"auto\">Njegovo 100 % vodoodporno jedro zagotavlja zanesljivo in preizku\u0161eno za\u0161\u010dito pred u\u010dinki razlitja teko\u010dine.<\/span><\/p>\n<p><span dir=\"auto\">Celotna kolekcija je protizdrsna in ima povr\u0161ino, odporno proti obrabi, zaradi \u010desar je primerna za obmo\u010dja z veliko prometa, hkrati pa ohranja odli\u010dno dimenzijsko stabilnost.<\/span><\/p>\n<p><span dir=\"auto\">Kerami\u010dne plo\u0161\u010de so tudi izjemno lahke in hkrati izjemno trpe\u017ene.<\/span><\/p>\n<h2><span dir=\"auto\">Parametri izdelka<\/span><\/h2>\n<ul>\n<li><b><span dir=\"auto\">Ribja kost A+B (20 desk skupaj = 1,64 m2)<\/span><\/b><\/li>\n<li><span dir=\"auto\">Debelina:\u00a0<\/span><b><span dir=\"auto\">\u00a07 mm (6 mm SPC + 1 mm podlaga)<\/span><\/b><\/li>\n<li><span dir=\"auto\">\u0160irina:\u00a0\u00a0<\/span><b><span dir=\"auto\">12,8 cm<\/span><\/b><\/li>\n<li><span dir=\"auto\">Dol\u017eina:\u00a0\u00a0<\/span><b><span dir=\"auto\">64 cm<\/span><\/b><\/li>\n<li><span dir=\"auto\">Razred abrazije:\u00a0\u00a0<\/span><b><span dir=\"auto\">33 \u2013 AC5<\/span><\/b><\/li>\n<li><span dir=\"auto\">Povr\u0161inska struktura:\u00a0\u00a0<\/span><b><span dir=\"auto\">Reliefna lesena struktura<\/span><\/b><\/li>\n<li><span dir=\"auto\">Vodoodpornost:\u00a0\u00a0<\/span><b><span dir=\"auto\">Da<\/span><\/b><\/li>\n<li><span dir=\"auto\">Antibakterijsko:\u00a0\u00a0<\/span><b><span dir=\"auto\">Da<\/span><\/b><\/li>\n<\/ul>\n<ul>\n<li><b><span dir=\"auto\">Talno ogrevanje:<\/span><\/b><span dir=\"auto\">\u00a0\u00a0Da<\/span><\/li>\n<li><b><span dir=\"auto\">Vrsta (GR.A.):<\/span><\/b><span dir=\"auto\">\u00a0\u00a0Rjava plo\u0161\u010da<\/span><\/li>\n<li><b><span dir=\"auto\">Na\u010din namestitve:<\/span><\/b><span dir=\"auto\">\u00a0\u00a0Klik<\/span><\/li>\n<li><b><span dir=\"auto\">Ton:\u00a0<\/span><\/b><span dir=\"auto\">\u00a0Rjavi les<\/span><\/li>\n<li><b><span dir=\"auto\">Zbirka:<\/span><\/b><span dir=\"auto\">\u00a0\u00a0SPC<\/span><\/li>\n<li><b><span dir=\"auto\">Predvidena uporaba (predmet):<\/span><\/b><span dir=\"auto\">\u00a0\u00a0Predmeti visoke intenzivnosti<\/span><\/li>\n<li><b><span dir=\"auto\">Vrsta:<\/span><\/b><span dir=\"auto\">\u00a0\u00a0dom, pisarna, hotel, poslovni prostor itd.<\/span><\/li>\n<li><b><span dir=\"auto\">Vzorec:<\/span><\/b><span dir=\"auto\">\u00a0\u00a0Rjavi hrast<\/span><\/li>\n<li><b><span dir=\"auto\">Material:<\/span><\/b><span dir=\"auto\">\u00a0\u00a0polivinilklorid<\/span><\/li>\n<li><b><span dir=\"auto\">Antistati\u010dno:<\/span><\/b><span dir=\"auto\">\u00a0\u00a0Da<\/span><\/li>\n<li><b><span dir=\"auto\">Vrsta izdelka:<\/span><\/b><span dir=\"auto\">\u00a0\u00a0SPC talna plo\u0161\u010da<\/span><\/li>\n<li><b><span dir=\"auto\">Blagovna znamka proizvajalca:<\/span><\/b><span dir=\"auto\">\u00a0\u00a0Berti Graf Brown Oak 506<\/span><\/li>\n<li><b><span dir=\"auto\">Monta\u017ea kopalnice:<\/span><\/b><span dir=\"auto\">\u00a0\u00a0Da<\/span><\/li>\n<li><b><span dir=\"auto\">Vzorec plo\u0161\u010de:<\/span><\/b><span dir=\"auto\">\u00a0\u00a0Deska<\/span><\/li>\n<li><b><span dir=\"auto\">Poro\u010danje:<\/span><\/b><span dir=\"auto\">\u00a0\u00a0Kliknite na les<\/span><\/li>\n<li><b><span dir=\"auto\">Vrsta:<\/span><\/b><span dir=\"auto\">\u00a0\u00a0Povezano s klikom<\/span><\/li>\n<li><b><span dir=\"auto\">Struktura:<\/span><\/b><span dir=\"auto\">\u00a0\u00a0Les<\/span><\/li>\n<li>\n<h2><span dir=\"auto\">Tehni\u010dne specifikacije integriranega temelja<\/span><\/h2>\n<p><span dir=\"auto\">Debelina temelja 1 mm<\/span><\/p>\n<p><span dir=\"auto\">Toplotna upornost (R) 0,025 m\u00b2K\/W<\/span><\/p>\n<p><span dir=\"auto\">Toplotna prevodnost (\u03bb) 0,040 W\/(m K)<\/span><\/p>\n<p><span dir=\"auto\">100 % vodoodporno<\/span><\/li>\n<li>\n<h2><span dir=\"auto\">Namestitev:<\/span><\/h2>\n<ul>\n<li><span dir=\"auto\">Sistem monta\u017ee:\u00a0\u00a0<\/span><b><span dir=\"auto\">Klik<\/span><\/b><\/li>\n<li><span dir=\"auto\">Parcela:\u00a0<\/span><b><span dir=\"auto\">\u00a01,64 m\u00b2<\/span><\/b><\/li>\n<li><span dir=\"auto\">\u0160tevilo kosov v paketu:\u00a0<\/span><b><span dir=\"auto\">\u00a020 kosov.<\/span><\/b><\/li>\n<li><b><span dir=\"auto\">Plo\u0161\u010de z integrirano IXPE podlago<\/span><\/b><\/li>\n<li><span dir=\"auto\">Talno ogrevanje:\u00a0\u00a0<\/span><b><span dir=\"auto\">Da\u00a0<\/span><\/b>\u00a0<b><span dir=\"auto\">(vse vrste)<\/span><\/b><\/li>\n<li><span dir=\"auto\">Za javne prostore:\u00a0\u00a0<\/span><b><span dir=\"auto\">Da<\/span><\/b><\/li>\n<li><span dir=\"auto\">Namestitev brez lepila:\u00a0\u00a0<\/span><b><span dir=\"auto\">Da<\/span><\/b><\/li>\n<li><b><span dir=\"auto\">Ta tla\u00a0\u00a0<\/span><\/b><b><span dir=\"auto\">se lahko polo\u017eijo na razli\u010dne povr\u0161ine, kot so beton, OSB ali trda tla\u00a0<\/span><\/b><b><span dir=\"auto\">, ne pa na preproge ali tepihe.<\/span><\/b><\/li>\n<li>\n<h2><span dir=\"auto\">Trpe\u017een in trajnosten koncept z okolju prijaznim polimerom zagotavlja:<\/span><\/h2>\n<p><span dir=\"auto\">visoka stabilnost in vzdr\u017eljivost<\/span><\/p>\n<p><span dir=\"auto\">zmanj\u0161anje hrupa<\/span><\/p>\n<p><span dir=\"auto\">100 % vodoodporno<\/span><\/p>\n<p><span dir=\"auto\">toplo na dotik<\/span><\/p>\n<p><span dir=\"auto\">enostavno \u010di\u0161\u010denje<\/span><\/p>\n<p><span dir=\"auto\">ekolo\u0161ko<\/span><\/p>\n<p><span dir=\"auto\">mo\u017enost prenove<\/span><\/p>\n<p><span dir=\"auto\">enostavna in hitra namestitev<\/span><\/p>\n<p><span dir=\"auto\">odpornost na UV-sevanje<\/span><\/li>\n<\/ul>\n<\/li>\n<\/ul>","protected":false},"excerpt":{"rendered":"<p>Vinilne deske Herringbone SPC 7 mm (6 mm jedro + 1 mm integrirana podlaga), vodoodporne, 1,64 m\u00b2 na klik. Sodoben vzorec ribje kosti popolnoma posnema rjav hrast, sistem klik pa zagotavlja hitro in enostavno namestitev. Integrirana podlaga odpravlja potrebo po dodatnem sloju, zaradi vodoodpornosti in visoke odpornosti na po\u0161kodbe pa so plo\u0161\u010de primerne za vsak prostor, tudi tiste z visoko vla\u017enostjo. Primerne so za vse vrste talnega ogrevanja.<\/p>","protected":false},"featured_media":29966,"comment_status":"open","ping_status":"closed","template":"","meta":[],"product_brand":[],"product_cat":[246,274,259,275,260,269],"product_tag":[],"class_list":{"0":"post-29965","1":"product","2":"type-product","3":"status-publish","4":"has-post-thumbnail","6":"product_cat-raziscite-podkategorije","7":"product_cat-spc","8":"product_cat-talne-obloge","9":"product_cat-vinil-talne-obloge","10":"product_cat-vinil","11":"product_cat-vinilne-plosce","13":"first","14":"instock","15":"taxable","16":"shipping-taxable","17":"product-type-simple"},"_links":{"self":[{"href":"https:\/\/sbg-strausbuildgroup.com\/hr\/wp-json\/wp\/v2\/product\/29965","targetHints":{"allow":["GET"]}}],"collection":[{"href":"https:\/\/sbg-strausbuildgroup.com\/hr\/wp-json\/wp\/v2\/product"}],"about":[{"href":"https:\/\/sbg-strausbuildgroup.com\/hr\/wp-json\/wp\/v2\/types\/product"}],"replies":[{"embeddable":true,"href":"https:\/\/sbg-strausbuildgroup.com\/hr\/wp-json\/wp\/v2\/comments?post=29965"}],"wp:featuredmedia":[{"embeddable":true,"href":"https:\/\/sbg-strausbuildgroup.com\/hr\/wp-json\/wp\/v2\/media\/29966"}],"wp:attachment":[{"href":"https:\/\/sbg-strausbuildgroup.com\/hr\/wp-json\/wp\/v2\/media?parent=29965"}],"wp:term":[{"taxonomy":"product_brand","embeddable":true,"href":"https:\/\/sbg-strausbuildgroup.com\/hr\/wp-json\/wp\/v2\/product_brand?post=29965"},{"taxonomy":"product_cat","embeddable":true,"href":"https:\/\/sbg-strausbuildgroup.com\/hr\/wp-json\/wp\/v2\/product_cat?post=29965"},{"taxonomy":"product_tag","embeddable":true,"href":"https:\/\/sbg-strausbuildgroup.com\/hr\/wp-json\/wp\/v2\/product_tag?post=29965"}],"curies":[{"name":"wp","href":"https:\/\/api.w.org\/{rel}","templated":true}]}}