{"id":30009,"date":"2025-12-18T19:11:16","date_gmt":"2025-12-18T19:11:16","guid":{"rendered":"https:\/\/sbg-strausbuildgroup.com\/?post_type=product&#038;p=30009"},"modified":"2025-12-20T09:19:59","modified_gmt":"2025-12-20T09:19:59","slug":"folkstone-vodoodporne-spc-vinilne-ploscice-click-concrete-gray-4-mm","status":"publish","type":"product","link":"https:\/\/sbg-strausbuildgroup.com\/hr\/product\/folkstone-vodoodporne-spc-vinilne-ploscice-click-concrete-gray-4-mm\/","title":{"rendered":"Folkstone vodoodporne SPC vinilne plo\u0161\u010dice Click Concrete Gray 4 mm"},"content":{"rendered":"<h1 class=\"mp4t_0 mryx_0 mj7a_4 mvrt_8 mp0t_ji m9qz_yo munh_0 mqu1_1j mgmw_wo mgn2_21 mgn2_25_s\"><span dir=\"auto\">Folkstone vodoodporne SPC vinilne plo\u0161\u010dice Click Concrete Gray 4 mm<\/span><\/h1>\n<h1><span dir=\"auto\">\u2705Parametri izdelka:<\/span><\/h1>\n<ul>\n<li><b><span dir=\"auto\">Dol\u017eina<\/span><\/b><span dir=\"auto\">\u00a0: 60,7 cm<\/span><\/li>\n<li><b><span dir=\"auto\">\u0160irina<\/span><\/b><span dir=\"auto\">\u00a0: 30,3 cm<\/span><\/li>\n<li><b><span dir=\"auto\">Debelina<\/span><\/b><span dir=\"auto\">\u00a0: 4 mm<\/span><\/li>\n<li><b><span dir=\"auto\">\u0160tevilo kosov v paketu<\/span><\/b><span dir=\"auto\">\u00a0: 14 kosov.<\/span><\/li>\n<li><b><span dir=\"auto\">Talno ogrevanje:<\/span><\/b><span dir=\"auto\">\u00a0\u00a0Da<\/span><\/li>\n<li><b><span dir=\"auto\">Protizdrsna prevleka:<\/span><\/b><span dir=\"auto\">\u00a0\u00a0DS<\/span><\/li>\n<li><b><span dir=\"auto\">Tip (GR.A.):<\/span><\/b><span dir=\"auto\">\u00a0\u00a0Plo\u0161\u010dica Folkstone v naravni betonsko sivi barvi<\/span><\/li>\n<li><b><span dir=\"auto\">Na\u010din sestavljanja:<\/span><\/b><span dir=\"auto\">\u00a0\u00a0Klik<\/span><\/li>\n<li><b><span dir=\"auto\">Proizvajalec:<\/span><\/b><span dir=\"auto\">\u00a0\u00a0WIT SOLIDA (Belgija)<\/span><\/li>\n<li><b><span dir=\"auto\">Ton:<\/span><\/b><span dir=\"auto\">\u00a0\u00a0Klasi\u010dni<\/span><\/li>\n<li><b><span dir=\"auto\">Zbirka:<\/span><\/b><span dir=\"auto\">\u00a0\u00a0SPC<\/span><\/li>\n<li><b><span dir=\"auto\">Predvidena uporaba (predmet):<\/span><\/b><span dir=\"auto\">\u00a0\u00a0Predmeti z visoko intenzivnostjo r.<\/span><\/li>\n<li><b><span dir=\"auto\">Vrsta:<\/span><\/b><span dir=\"auto\">\u00a0\u00a0dom, pisarna, hotel itd.<\/span><\/li>\n<li><b><span dir=\"auto\">Vzorec:<\/span><\/b><span dir=\"auto\">\u00a0\u00a0Beton<\/span><\/li>\n<li><b><span dir=\"auto\">Material:<\/span><\/b><span dir=\"auto\">\u00a0\u00a0polivinilklorid<\/span><\/li>\n<li><b><span dir=\"auto\">Antistati\u010dno:<\/span><\/b><span dir=\"auto\">\u00a0\u00a0Da<\/span><\/li>\n<li><b><span dir=\"auto\">Vrsta izdelka:<\/span><\/b><span dir=\"auto\">\u00a0\u00a0Spc vinilne plo\u0161\u010dice<\/span><\/li>\n<li><b><span dir=\"auto\">Blagovna znamka proizvajalca:<\/span><\/b><span dir=\"auto\">\u00a0\u00a0WIT SOLIDA FOLKSTONE 11976<\/span><\/li>\n<li><b><span dir=\"auto\">Razred uporabe:<\/span><\/b><span dir=\"auto\">\u00a0\u00a0Objekt &#8211; visoka in srednja intenzivnost<\/span><\/li>\n<li><b><span dir=\"auto\">Monta\u017ea kopalnice:<\/span><\/b><span dir=\"auto\">\u00a0\u00a0Da<\/span><\/li>\n<li><b><span dir=\"auto\">Vodoodpornost:<\/span><\/b><span dir=\"auto\">\u00a0\u00a0Da<\/span><\/li>\n<li><b><span dir=\"auto\">Vzorec plo\u0161\u010de:<\/span><\/b><span dir=\"auto\">\u00a0\u00a0Beton<\/span><\/li>\n<\/ul>\n<p><span dir=\"auto\">Te vinilne plo\u0161\u010dice Rigid Click so izdelane iz petih plasti. Jedro tal je tog klik spoj, ki zagotavlja odli\u010dno stabilnost in enostavno namestitev.<\/span><\/p>\n<div class=\"mpof_ki myre_zn myre_8v_l m389_6m_l\">\n<div class=\"mp4t_16_s mryx_16_s mr3m_1 mli2_1 mh85_56 mh85_0_l\">\n<div class=\"mgn2_16 _0d3bd_am0a-\">\n<h1><span dir=\"auto\">\u2705Zgrajeno na naslednji na\u010din:<\/span><\/h1>\n<ul>\n<li><span dir=\"auto\">Za\u0161\u010ditna plast Superguard: odporna na praske in made\u017ee<\/span><\/li>\n<li><span dir=\"auto\">Zaradi 0,3 mm debele vinilne plasti so tla primerna za intenzivno doma\u010do uporabo.<\/span><\/li>\n<li><span dir=\"auto\">Visokolo\u010dljivostna, originalna oblika: prakti\u010dno nerazlo\u010dljiva od pravega parketa ali plo\u0161\u010dic. Majhna ponovitev vzorca polaganja zagotavlja pristen videz.<\/span><\/li>\n<li><span dir=\"auto\">Toga jedrna klik povezava: zahvaljujo\u010d zanesljivi povezavi Uniclic, enostavni za namestitev, jih je v ve\u010dini primerov mogo\u010de namestiti neposredno na trde povr\u0161ine brez potrebe po niveliranju.<\/span><\/li>\n<li><span dir=\"auto\">Zahvaljujo\u010d integrirani plasti, ki absorbira zvok, se dose\u017ee dodatnih 17 dB du\u0161enja.<\/span><\/li>\n<li>\n<h1><span dir=\"auto\">\u2705Klju\u010dne lastnosti<\/span><\/h1>\n<h2><span dir=\"auto\">Glavne prednosti:<\/span><\/h2>\n<ul>\n<li><span dir=\"auto\">Mo\u017enost neposredne monta\u017ee na ve\u010dino povr\u0161in<\/span><\/li>\n<li><span dir=\"auto\">Vgrajena zvo\u010dnoizolacijska plast<\/span><\/li>\n<li><span dir=\"auto\">Primerno za vla\u017ene prostore<\/span><\/li>\n<li><span dir=\"auto\">Prijetno na dotik in toplo<\/span><\/li>\n<li><span dir=\"auto\">Protizdrsna<\/span><\/li>\n<li><span dir=\"auto\">Odporno na praske<\/span><\/li>\n<li><span dir=\"auto\">Primerno za uporabo s talnim ogrevanjem in hlajenjem<\/span><\/li>\n<\/ul>\n<p><b><span dir=\"auto\">\u2714\ufe0fOpis in tehni\u010dne informacije<\/span><\/b><\/p>\n<ul>\n<li><b><span dir=\"auto\">Kako sestaviti?<\/span><\/b><\/li>\n<li><b><span dir=\"auto\">Koliko potrebujete?<\/span><\/b><\/li>\n<li><b><span dir=\"auto\">Mnenja<\/span><\/b><\/li>\n<\/ul>\n<p><span dir=\"auto\">Za izra\u010dun povr\u0161ine tal se obi\u010dajno uporablja naslednje pravilo:<\/span><\/p>\n<p><span dir=\"auto\">Imate veliko vogalov in koti\u010dkov? V tem primeru lahko upo\u0161tevate 8 % odpadkov.<\/span><\/li>\n<\/ul>\n<\/div>\n<\/div>\n<\/div>\n<div class=\"mpof_ki myre_zn myre_8v_l m389_6m_l\">\n<div class=\"mp4t_16_s mryx_16_s mr3m_1 mli2_1 mh85_56 mh85_0_l\">\n<div class=\"mg9e_8 mj7a_8 mg9e_0_s mvrt_0_s mj7a_0_s mh36_0_s mzmg_6m munh_16_l m3h2_16_l\">\n<div class=\"mp4t_0 mryx_0 munh_56 m3h2_56\"><\/div>\n<\/div>\n<\/div>\n<\/div>","protected":false},"excerpt":{"rendered":"<p>Folkstone 4 mm SPC vinilne plo\u0161\u010dice, vodoodporne, s klik sistemom, v betonsko sivi barvi. Njihov sodoben dizajn popolnoma posnema surov beton, kar daje notranjosti industrijski zna\u010daj. Sistem namestitve s klik sistemom zagotavlja hitro in enostavno namestitev brez potrebe po lepilih. Zaradi visoke odpornosti na vlago in mehanske po\u0161kodbe so te plo\u0161\u010dice idealne za vsak prostor, tudi v prostorih z visoko vla\u017enostjo. Primerne so za vse vrste talnega ogrevanja.<\/p>","protected":false},"featured_media":30010,"comment_status":"open","ping_status":"closed","template":"","meta":[],"product_brand":[],"product_cat":[276,259,275],"product_tag":[],"class_list":{"0":"post-30009","1":"product","2":"type-product","3":"status-publish","4":"has-post-thumbnail","6":"product_cat-spc-vinil-talne-obloge","7":"product_cat-talne-obloge","8":"product_cat-vinil-talne-obloge","10":"first","11":"instock","12":"taxable","13":"shipping-taxable","14":"product-type-simple"},"_links":{"self":[{"href":"https:\/\/sbg-strausbuildgroup.com\/hr\/wp-json\/wp\/v2\/product\/30009","targetHints":{"allow":["GET"]}}],"collection":[{"href":"https:\/\/sbg-strausbuildgroup.com\/hr\/wp-json\/wp\/v2\/product"}],"about":[{"href":"https:\/\/sbg-strausbuildgroup.com\/hr\/wp-json\/wp\/v2\/types\/product"}],"replies":[{"embeddable":true,"href":"https:\/\/sbg-strausbuildgroup.com\/hr\/wp-json\/wp\/v2\/comments?post=30009"}],"wp:featuredmedia":[{"embeddable":true,"href":"https:\/\/sbg-strausbuildgroup.com\/hr\/wp-json\/wp\/v2\/media\/30010"}],"wp:attachment":[{"href":"https:\/\/sbg-strausbuildgroup.com\/hr\/wp-json\/wp\/v2\/media?parent=30009"}],"wp:term":[{"taxonomy":"product_brand","embeddable":true,"href":"https:\/\/sbg-strausbuildgroup.com\/hr\/wp-json\/wp\/v2\/product_brand?post=30009"},{"taxonomy":"product_cat","embeddable":true,"href":"https:\/\/sbg-strausbuildgroup.com\/hr\/wp-json\/wp\/v2\/product_cat?post=30009"},{"taxonomy":"product_tag","embeddable":true,"href":"https:\/\/sbg-strausbuildgroup.com\/hr\/wp-json\/wp\/v2\/product_tag?post=30009"}],"curies":[{"name":"wp","href":"https:\/\/api.w.org\/{rel}","templated":true}]}}