{"id":30051,"date":"2025-12-20T09:54:04","date_gmt":"2025-12-20T09:54:04","guid":{"rendered":"https:\/\/sbg-strausbuildgroup.com\/?post_type=product&#038;p=30051"},"modified":"2025-12-20T09:54:04","modified_gmt":"2025-12-20T09:54:04","slug":"spc-vinilna-talna-obloga-vodoodporna-razred-32-cokoladna-s-temeljnim-premazom-222-m%c2%b2","status":"publish","type":"product","link":"https:\/\/sbg-strausbuildgroup.com\/hr\/product\/spc-vinilna-talna-obloga-vodoodporna-razred-32-cokoladna-s-temeljnim-premazom-222-m%c2%b2\/","title":{"rendered":"SPC vinilna talna obloga, vodoodporna, razred 32, \u010dokoladna s temeljnim premazom, 2,22 m\u00b2"},"content":{"rendered":"<p>\u010cokoladno obarvane, 4 mm debele SPC vinilne deske so odli\u010dna mo\u017enost za vsako notranjost. So vodoodporne in trpe\u017ene, razreda 32, zaradi \u010desar so idealne za prostore z zmernim prometom. Poleg tega so deske opremljene z 0,5 mm debelo podlago, ki zagotavlja udobje in izbolj\u0161uje zvo\u010dno izolacijo. Vsak paket vsebuje 2,22 m\u00b2 desk, kar omogo\u010da enostavno prilagajanje povr\u0161ini prostora. Namestitev je enostavna zaradi sistema na klik.<\/p>","protected":false},"excerpt":{"rendered":"<h1><span dir=\"auto\">SPC vinilne plo\u0161\u010de vodoodporne razreda 32 \u010dokoladne s temeljnim premazom<\/span><\/h1>\n<h2><span dir=\"auto\">SPC (kamniti polimerni kompozit) vinilne plo\u0161\u010de so inovativen material, ki se uporablja v proizvodnji talnih oblog. Izdelane so iz me\u0161anice polimerov, kalcijevega karbonata in mineralnih dodatkov, zaradi \u010desar so izjemno odporne na mehanske po\u0161kodbe in vlago.<\/span><\/h2>\n<p><span dir=\"auto\">\u010cudovita vinilna talna obloga, ki predstavlja popolno ravnovesje med kakovostjo, estetiko in funkcionalnostjo.<\/span><\/p>\n<p><span dir=\"auto\">Predstavljene plo\u0161\u010de zagotavljajo ne le trajnost, temve\u010d tudi estetski videz za dolgo \u010dasa.<\/span><\/p>\n<p><span dir=\"auto\">Struktura plo\u0161\u010de spominja na naravne odtenke lesa, kar notranjosti doda toplino in edinstveno vzdu\u0161je.<\/span><\/p>\n<h1><span dir=\"auto\">Parametri izdelka:<\/span><\/h1>\n<ul>\n<li><b><span dir=\"auto\">Talno ogrevanje:<\/span><\/b><span dir=\"auto\">\u00a0\u00a0Da<\/span><\/li>\n<li><b><span dir=\"auto\">Protizdrsna prevleka:<\/span><\/b><span dir=\"auto\">\u00a0\u00a0DS<\/span><\/li>\n<li><b><span dir=\"auto\">Vrsta (GR.A.):<\/span><\/b><span dir=\"auto\">\u00a0\u00a0\u010cokoladna plo\u0161\u010da<\/span><\/li>\n<li><b><span dir=\"auto\">Na\u010din sestavljanja:<\/span><\/b><span dir=\"auto\">\u00a0\u00a0Klik<\/span><\/li>\n<li><b><span dir=\"auto\">Proizvajalec:<\/span><\/b><span dir=\"auto\">\u00a0\u00a0Magic Floors (Belgija)<\/span><\/li>\n<li><b><span dir=\"auto\">Ton:<\/span><\/b><span dir=\"auto\">\u00a0\u00a0Klasi\u010dni<\/span><\/li>\n<li><b><span dir=\"auto\">Zbirka:<\/span><\/b><span dir=\"auto\">\u00a0\u00a0SPC<\/span><\/li>\n<li><b><span dir=\"auto\">Predvidena uporaba (predmet):<\/span><\/b><span dir=\"auto\">\u00a0\u00a0Predmeti z visoko intenzivnostjo r.<\/span><\/li>\n<li><b><span dir=\"auto\">Vrsta:<\/span><\/b><span dir=\"auto\">\u00a0\u00a0Domov<\/span><\/li>\n<li><b><span dir=\"auto\">Vzorec:<\/span><\/b><span dir=\"auto\">\u00a0\u00a0Hrast<\/span><\/li>\n<li><b><span dir=\"auto\">Material:<\/span><\/b><span dir=\"auto\">\u00a0\u00a0polivinilklorid<\/span><\/li>\n<li><b><span dir=\"auto\">Antistati\u010dno:<\/span><\/b><span dir=\"auto\">\u00a0\u00a0Da<\/span><\/li>\n<li><b><span dir=\"auto\">Vrsta izdelka:<\/span><\/b><span dir=\"auto\">\u00a0\u00a0Spc talna plo\u0161\u010da<\/span><\/li>\n<li><b><span dir=\"auto\">Blagovna znamka proizvajalca:<\/span><\/b><span dir=\"auto\">\u00a0\u00a0Havana Sunset Oak RP300-003<\/span><\/li>\n<li><b><span dir=\"auto\">Razred uporabe:<\/span><\/b><span dir=\"auto\">\u00a0\u00a0Objekt &#8211; visoka intenzivnost<\/span><\/li>\n<li><b><span dir=\"auto\">Vrsta lesa:<\/span><\/b><span dir=\"auto\">\u00a0\u00a0Hrast<\/span><\/li>\n<li><b><span dir=\"auto\">Monta\u017ea kopalnice:<\/span><\/b><span dir=\"auto\">\u00a0\u00a0Da<\/span><\/li>\n<li><b><span dir=\"auto\">Vodoodpornost:<\/span><\/b><span dir=\"auto\">\u00a0\u00a0Da<\/span><\/li>\n<li><b><span dir=\"auto\">Vzorec plo\u0161\u010de:<\/span><\/b><span dir=\"auto\">\u00a0\u00a0Deska<\/span><\/li>\n<li><b><span dir=\"auto\">Fuga:<\/span><\/b><span dir=\"auto\">\u00a0\u00a04V<\/span><\/li>\n<li><b><span dir=\"auto\">Struktura:<\/span><\/b><span dir=\"auto\">\u00a0\u00a0Les<\/span><\/li>\n<li>\n<div class=\"mpof_ki myre_zn myre_8v_l m389_6m_l\">\n<div class=\"mp4t_16_s mryx_16_s mr3m_1 mli2_1 mh85_56 mh85_0_l\">\n<div class=\"mgn2_16 _0d3bd_am0a-\">\n<h1><span dir=\"auto\">Najbolj trpe\u017ena re\u0161itev na trgu<\/span><\/h1>\n<p><b><span dir=\"auto\">Kompozitna tla<\/span><\/b><span dir=\"auto\">\u00a0\u00a0s trdim jedrom\u00a0 , znana tudi kot SPC tla, predstavljajo\u00a0<\/span><b><span dir=\"auto\">najbolj trpe\u017eno vodoodporno\u00a0<\/span><\/b><span dir=\"auto\">\u00a0vinilna tla, ki so na voljo na trgu.<\/span><\/p>\n<p><span dir=\"auto\">Njegovo\u00a0<\/span><b><span dir=\"auto\">100 % vodoodporno jedro zagotavlja zanesljivo in preizku\u0161eno za\u0161\u010dito pred u\u010dinki razlitja teko\u010dine.<\/span><\/b><\/p>\n<p><b><span dir=\"auto\">Celotna kolekcija je protizdrsna<\/span><\/b><span dir=\"auto\">\u00a0\u00a0in ima\u00a0 povr\u0161ino\u00a0<\/span><b><span dir=\"auto\">visokega razreda odpornosti proti obrabi<\/span><\/b><span dir=\"auto\">\u00a0, zaradi \u010desar je primerna za obmo\u010dja z veliko prometa, hkrati pa ohranja odli\u010dno dimenzijsko stabilnost.<\/span><\/p>\n<p><span dir=\"auto\">Plo\u0161\u010de so tudi izjemno lahke, a hkrati izjemno trpe\u017ene.<\/span><\/p>\n<p><span dir=\"auto\">Na\u0161a edinstvena tehnologija nam omogo\u010da, da ustvarimo izdelek, ki\u00a0<\/span><b><span dir=\"auto\">ne vsebuje PVC-ja,<\/span><\/b><span dir=\"auto\">\u00a0je \u00a0100 % recikliren in ponuja najbolj\u0161i dizajn ter odli\u010dno kakovost in kon\u010dno obdelavo.<\/span><\/p>\n<h2><span dir=\"auto\">TALNO OGREVANJE<\/span><\/h2>\n<p><span dir=\"auto\">Te plo\u0161\u010de so idealne za talno ogrevanje. Zaradi nizke toplotne upornosti tla hitro oddajajo toploto v okolico.<\/span><\/p>\n<\/div>\n<\/div>\n<\/div>\n<div class=\"mpof_ki myre_zn myre_8v_l m389_6m_l\">\n<div class=\"mp4t_16_s mryx_16_s mr3m_1 mli2_1 mh85_56 mh85_0_l\">\n<div class=\"mg9e_8 mj7a_8 mg9e_0_s mvrt_0_s mj7a_0_s mh36_0_s mzmg_6m munh_16_l m3h2_16_l\">\n<div class=\"mp4t_0 mryx_0 munh_56 m3h2_56\">\n<h1><span dir=\"auto\">Trpe\u017een in trajnosten koncept z okolju prijaznim polimerom zagotavlja:<\/span><\/h1>\n<p><b><span dir=\"auto\">visoka stabilnost in vzdr\u017eljivost<\/span><\/b><\/p>\n<p><b><span dir=\"auto\">zmanj\u0161anje hrupa<\/span><\/b><\/p>\n<p><b><span dir=\"auto\">100 % vodoodporno<\/span><\/b><\/p>\n<p><b><span dir=\"auto\">toplo na dotik<\/span><\/b><\/p>\n<p><b><span dir=\"auto\">enostavno \u010di\u0161\u010denje<\/span><\/b><\/p>\n<p><b><span dir=\"auto\">ekolo\u0161ko<\/span><\/b><\/p>\n<p><b><span dir=\"auto\">mo\u017enost prenove<\/span><\/b><\/p>\n<p><b><span dir=\"auto\">enostavna in hitra namestitev s klikom<\/span><\/b><\/p>\n<p><b><span dir=\"auto\">odpornost na UV-sevanje<\/span><\/b><\/p>\n<h1><span dir=\"auto\">Varnost in zagotovilo za uspe\u0161ne nakupe tega izdelka<\/span><\/h1>\n<p><span dir=\"auto\">Predstavljeni izdelek\u00a0<\/span><b><span dir=\"auto\">ustreza vsem zahtevanim evropskim standardom<\/span><\/b><\/p>\n<p><span dir=\"auto\">Ko kupujete pri nas, ste lahko prepri\u010dani, da\u00a0<\/span><b><span dir=\"auto\">kupujete originalen izdelek najvi\u0161je kakovosti.<\/span><\/b><\/p>\n<p><span dir=\"auto\">V primeru po\u0161kodbe\u00a0<\/span><b><span dir=\"auto\">vsa poro\u010dila obdelamo takoj, vedno v korist kupca.<\/span><\/b><\/p>\n<p><span dir=\"auto\">Zagotavljamo\u00a0<\/span><b><span dir=\"auto\">popolno varnost nakupa tega izdelka in poprodajno oskrbo.<\/span><\/b><\/p>\n<\/div>\n<\/div>\n<\/div>\n<\/div>\n<\/li>\n<\/ul>","protected":false},"featured_media":30054,"comment_status":"open","ping_status":"closed","template":"","meta":[],"product_brand":[],"product_cat":[276,259,275],"product_tag":[],"class_list":{"0":"post-30051","1":"product","2":"type-product","3":"status-publish","4":"has-post-thumbnail","6":"product_cat-spc-vinil-talne-obloge","7":"product_cat-talne-obloge","8":"product_cat-vinil-talne-obloge","10":"first","11":"instock","12":"product-type-simple"},"_links":{"self":[{"href":"https:\/\/sbg-strausbuildgroup.com\/hr\/wp-json\/wp\/v2\/product\/30051","targetHints":{"allow":["GET"]}}],"collection":[{"href":"https:\/\/sbg-strausbuildgroup.com\/hr\/wp-json\/wp\/v2\/product"}],"about":[{"href":"https:\/\/sbg-strausbuildgroup.com\/hr\/wp-json\/wp\/v2\/types\/product"}],"replies":[{"embeddable":true,"href":"https:\/\/sbg-strausbuildgroup.com\/hr\/wp-json\/wp\/v2\/comments?post=30051"}],"wp:featuredmedia":[{"embeddable":true,"href":"https:\/\/sbg-strausbuildgroup.com\/hr\/wp-json\/wp\/v2\/media\/30054"}],"wp:attachment":[{"href":"https:\/\/sbg-strausbuildgroup.com\/hr\/wp-json\/wp\/v2\/media?parent=30051"}],"wp:term":[{"taxonomy":"product_brand","embeddable":true,"href":"https:\/\/sbg-strausbuildgroup.com\/hr\/wp-json\/wp\/v2\/product_brand?post=30051"},{"taxonomy":"product_cat","embeddable":true,"href":"https:\/\/sbg-strausbuildgroup.com\/hr\/wp-json\/wp\/v2\/product_cat?post=30051"},{"taxonomy":"product_tag","embeddable":true,"href":"https:\/\/sbg-strausbuildgroup.com\/hr\/wp-json\/wp\/v2\/product_tag?post=30051"}],"curies":[{"name":"wp","href":"https:\/\/api.w.org\/{rel}","templated":true}]}}