{"id":30061,"date":"2025-12-20T10:11:56","date_gmt":"2025-12-20T10:11:56","guid":{"rendered":"https:\/\/sbg-strausbuildgroup.com\/?post_type=product&#038;p=30061"},"modified":"2025-12-20T10:11:56","modified_gmt":"2025-12-20T10:11:56","slug":"spc-vinilne-plosce-zlati-hrast-s-5-mm-podlogo-za-talne-obloge-ac5-na-klik","status":"publish","type":"product","link":"https:\/\/sbg-strausbuildgroup.com\/hr\/product\/spc-vinilne-plosce-zlati-hrast-s-5-mm-podlogo-za-talne-obloge-ac5-na-klik\/","title":{"rendered":"SPC vinilne plo\u0161\u010de \u2013 \u200b\u200bzlati hrast s 5 mm podlogo za talne obloge AC5 na klik"},"content":{"rendered":"<p><span dir=\"auto\">SPC vinilna deska z vgrajeno 1 mm podlogo \u2013 pripravljena za monta\u017eo brez potrebe po dodatni podlogi. Vodoodporna, trpe\u017ena in odporna proti obrabi, idealna za talno ogrevanje. Hitra in enostavna monta\u017ea s klikom.<\/span><\/p>","protected":false},"excerpt":{"rendered":"<h1 class=\"mp4t_0 mryx_0 mj7a_4 mvrt_8 mp0t_ji m9qz_yo munh_0 mqu1_1j mgmw_wo mgn2_21 mgn2_25_s\"><span dir=\"auto\">SPC vinilne plo\u0161\u010de \u2013 \u200b\u200bzlati hrast s 5 mm podlogo za talne obloge AC5 na klik<\/span><\/h1>\n<p><b><span dir=\"auto\">\u2705Plo\u0161\u010da z vgrajeno 1 mm podlogo \u2013 preprosto jo kupite in takoj za\u010dnite z monta\u017eo, brez potrebe po nakupu dodatne podloge.\u2705<\/span><\/b><\/p>\n<p><span dir=\"auto\">SPC (kamniti polimerni kompozit) vinilne plo\u0161\u010de so inovativen material, ki se uporablja v proizvodnji talnih oblog. Izdelane so iz me\u0161anice polimerov, kalcijevega karbonata in mineralnih dodatkov, zaradi \u010desar so izjemno odporne na mehanske po\u0161kodbe in vlago.<\/span><\/p>\n<p><span dir=\"auto\">\u2714\ufe0f \u010cudovita vinilna talna obloga, ki predstavlja popolno ravnovesje med kakovostjo, estetiko in funkcionalnostjo.<\/span><\/p>\n<p><span dir=\"auto\">\u2714\ufe0f Predstavljene plo\u0161\u010de zagotavljajo ne le vzdr\u017eljivost, temve\u010d tudi estetski videz za dolgo \u010dasa.<\/span><\/p>\n<h1><span dir=\"auto\">Parametri izdelka:<\/span><\/h1>\n<ul>\n<li><b><span dir=\"auto\">Talno ogrevanje:<\/span><\/b><span dir=\"auto\">\u00a0\u00a0Da<\/span><\/li>\n<li><b><span dir=\"auto\">Integrirana podloga:<\/span><\/b><span dir=\"auto\">\u00a0\u00a0Da<\/span><\/li>\n<li><b><span dir=\"auto\">Protizdrsna prevleka:<\/span><\/b><span dir=\"auto\">\u00a0\u00a0DS<\/span><\/li>\n<li><b><span dir=\"auto\">Vrsta (GR.A.):<\/span><\/b><span dir=\"auto\">\u00a0\u00a0Be\u017e plo\u0161\u010da<\/span><\/li>\n<li><b><span dir=\"auto\">Na\u010din namestitve:<\/span><\/b><span dir=\"auto\">\u00a0\u00a0Klik<\/span><\/li>\n<li><b><span dir=\"auto\">Ton:<\/span><\/b><span dir=\"auto\">\u00a0\u00a0Klasi\u010dni<\/span><\/li>\n<li><b><span dir=\"auto\">Zbirka:<\/span><\/b><span dir=\"auto\">\u00a0\u00a0SPC<\/span><\/li>\n<li><b><span dir=\"auto\">Predvidena uporaba (predmet):<\/span><\/b><span dir=\"auto\">\u00a0\u00a0Predmeti z visoko intenzivnostjo r.<\/span><\/li>\n<li><b><span dir=\"auto\">Vrsta:<\/span><\/b><span dir=\"auto\">\u00a0\u00a0dom, hotel, pisarna, poslovni prostor itd.<\/span><\/li>\n<li><b><span dir=\"auto\">Vzorec:<\/span><\/b><span dir=\"auto\">\u00a0\u00a0Hrast<\/span><\/li>\n<li><b><span dir=\"auto\">Material:<\/span><\/b><span dir=\"auto\">\u00a0\u00a0polivinilklorid<\/span><\/li>\n<li><b><span dir=\"auto\">Antistati\u010dno:<\/span><\/b><span dir=\"auto\">\u00a0\u00a0Da<\/span><\/li>\n<li><b><span dir=\"auto\">Vrsta izdelka:<\/span><\/b><span dir=\"auto\">\u00a0\u00a0SPC talna plo\u0161\u010da<\/span><\/li>\n<li><b><span dir=\"auto\">Blagovna znamka proizvajalca:<\/span><\/b><span dir=\"auto\">\u00a0\u00a0Golden Oak &#8220;Sonian Forest 1905&#8221;<\/span><\/li>\n<li><b><span dir=\"auto\">Razred uporabe:<\/span><\/b><span dir=\"auto\">\u00a0\u00a0Objekt &#8211; visoka intenzivnost<\/span><\/li>\n<li><b><span dir=\"auto\">Vrsta lesa:<\/span><\/b><span dir=\"auto\">\u00a0\u00a0Hrast<\/span><\/li>\n<li><b><span dir=\"auto\">Monta\u017ea kopalnice:<\/span><\/b><span dir=\"auto\">\u00a0\u00a0Da<\/span><\/li>\n<li><b><span dir=\"auto\">Vodoodpornost:<\/span><\/b><span dir=\"auto\">\u00a0\u00a0Da<\/span><\/li>\n<li><b><span dir=\"auto\">Vzorec plo\u0161\u010de:<\/span><\/b><span dir=\"auto\">\u00a0\u00a0Deska<\/span><\/li>\n<li><b><span dir=\"auto\">Struktura:<\/span><\/b><span dir=\"auto\">\u00a0\u00a0Les<\/span><\/li>\n<li>\n<h1><span dir=\"auto\">Najbolj trpe\u017ena re\u0161itev na trgu<\/span><\/h1>\n<p><span dir=\"auto\">\u2714\ufe0f\u00a0<\/span><b><span dir=\"auto\">Kompozitna tla<\/span><\/b><span dir=\"auto\">\u00a0\u00a0s trdim jedrom\u00a0 , znana tudi kot SPC tla, predstavljajo\u00a0<\/span><b><span dir=\"auto\">najbolj trpe\u017eno vodoodporno\u00a0<\/span><\/b><span dir=\"auto\">\u00a0vinilna tla, ki so na voljo na trgu.<\/span><\/p>\n<p><span dir=\"auto\"><b>\u2714\ufe0fNjegovo 100 % vodoodporno<\/b>\u00a0jedro\u00a0 zagotavlja zanesljivo in preizku\u0161eno za\u0161\u010dito pred posledicami razlitja teko\u010dine.<\/span><b><\/b><\/p>\n<p><span dir=\"auto\">\u2714\ufe0f\u00a0<\/span><b><span dir=\"auto\">Celotna kolekcija je protizdrsna<\/span><\/b><span dir=\"auto\">\u00a0\u00a0in ima\u00a0 povr\u0161ino\u00a0<\/span><b><span dir=\"auto\">visokega razreda odpornosti proti obrabi<\/span><\/b><span dir=\"auto\">\u00a0, zaradi \u010desar je primerna za obmo\u010dja z intenzivnim prometom, hkrati pa ohranja odli\u010dno dimenzijsko stabilnost.<\/span><\/p>\n<p><span dir=\"auto\">\u2714\ufe0f Plo\u0161\u010de so tudi izjemno lahke in hkrati izjemno trpe\u017ene.<\/span><\/p>\n<p><span dir=\"auto\">\u2714\ufe0fNa\u0161a edinstvena tehnologija nam omogo\u010da, da ustvarimo izdelek, ki\u00a0\u00a0<\/span><b><span dir=\"auto\">ne vsebuje PVC-ja,<\/span><\/b><span dir=\"auto\">\u00a0je \u00a0100 % recikliren, ponuja pa najbolj\u0161i dizajn ter odli\u010dno kakovost in kon\u010dno obdelavo.<\/span><\/p>\n<h2><span dir=\"auto\">\u2611\ufe0f TALNO OGREVANJE \u2611\ufe0f<\/span><\/h2>\n<p><span dir=\"auto\">Te plo\u0161\u010de so idealne za talno ogrevanje. Zaradi nizke toplotne upornosti tla hitro oddajajo toploto v okolico.<\/span><\/p>\n<p><span dir=\"auto\">Zaradi svoje vsestranskosti se lahko integrirana podloga uporablja tako v sodobnih kot tradicionalnih sistemih talnega ogrevanja, ne da bi pri tem omejili njihovo u\u010dinkovitost.<\/span><\/li>\n<li>\n<h1><span dir=\"auto\">Trpe\u017een in trajnosten koncept z okolju prijaznim polimerom zagotavlja:<\/span><\/h1>\n<p><span dir=\"auto\">\u2714\ufe0f\u00a0\u00a0<\/span><b><span dir=\"auto\">visoka stabilnost in vzdr\u017eljivost<\/span><\/b><\/p>\n<p><b><span dir=\"auto\">\u2714\ufe0f zmanj\u0161anje hrupa<\/span><\/b><\/p>\n<p><b><span dir=\"auto\">\u2714\ufe0f 100% vodoodporna<\/span><\/b><\/p>\n<p><b><span dir=\"auto\">\u2714\ufe0f topel na dotik<\/span><\/b><\/p>\n<p><b><span dir=\"auto\">\u2714\ufe0f enostavno \u010di\u0161\u010denje<\/span><\/b><\/p>\n<p><b><span dir=\"auto\">\u2714\ufe0f okolju prijazna<\/span><\/b><\/p>\n<p><b><span dir=\"auto\">\u2714\ufe0f mo\u017enost prenove<\/span><\/b><\/p>\n<p><b><span dir=\"auto\">\u2714\ufe0f enostavna in hitra namestitev s klikom<\/span><\/b><\/p>\n<p><b><span dir=\"auto\">\u2714\ufe0f Odpornost na UV \u017earke<\/span><\/b><\/li>\n<li>\n<div class=\"mpof_ki myre_zn myre_8v_l m389_6m_l\">\n<div class=\"mp4t_16_s mryx_16_s mr3m_1 mli2_1 mh85_56 mh85_0_l\">\n<div class=\"mg9e_8 mj7a_8 mg9e_0_s mvrt_0_s mj7a_0_s mh36_0_s mzmg_6m munh_16_l m3h2_16_l\">\n<div class=\"mp4t_0 mryx_0 munh_56 m3h2_56\">\n<div class=\"mp7g_oh\">\n<div class=\"mpof_ki myre_zn myre_8v_l m389_6m_l\">\n<div class=\"mp4t_16_s mryx_16_s mr3m_1 mli2_1 mh85_56 mh85_0_l\">\n<div class=\"mgn2_16 _0d3bd_am0a-\">\n<h1><span dir=\"auto\">Varnost in zagotovilo za uspe\u0161ne nakupe tega izdelka<\/span><\/h1>\n<p><span dir=\"auto\">\u2705 Predstavljeni izdelek\u00a0\u00a0<\/span><b><span dir=\"auto\">ustreza vsem zahtevanim evropskim standardom<\/span><\/b><\/p>\n<p><span dir=\"auto\">\u2705 Ko kupujete pri nas, ste lahko prepri\u010dani, da\u00a0\u00a0<\/span><b><span dir=\"auto\">kupujete originalen izdelek najvi\u0161je kakovosti<\/span><\/b><\/p>\n<p><span dir=\"auto\">\u2705 V primeru po\u0161kodbe\u00a0\u00a0<\/span><b><span dir=\"auto\">vse prijave obdelamo takoj, vedno v korist kupca.<\/span><\/b><\/p>\n<p><span dir=\"auto\">\u2705 Zagotavljamo\u00a0\u00a0<\/span><b><span dir=\"auto\">popolno varnost nakupa tega izdelka in poprodajno oskrbo<\/span><\/b><\/p>\n<\/div>\n<\/div>\n<\/div>\n<\/div>\n<\/div>\n<\/div>\n<\/div>\n<div class=\"mp4t_16_s mryx_16_s mr3m_1 mli2_1 mh85_56 mh85_0_l\">\n<div class=\"mgn2_16 _0d3bd_am0a-\"><\/div>\n<\/div>\n<\/div>\n<div class=\"mpof_ki myre_zn myre_8v_l m389_6m_l\">\n<div class=\"mp4t_16_s mryx_16_s mr3m_1 mli2_1 mh85_56 mh85_0_l\">\n<div class=\"mgn2_16 _0d3bd_am0a-\">\n<p>&nbsp;<\/p>\n<\/div>\n<\/div>\n<\/div>\n<\/li>\n<\/ul>","protected":false},"featured_media":30064,"comment_status":"open","ping_status":"closed","template":"","meta":[],"product_brand":[],"product_cat":[276,259,275],"product_tag":[],"class_list":{"0":"post-30061","1":"product","2":"type-product","3":"status-publish","4":"has-post-thumbnail","6":"product_cat-spc-vinil-talne-obloge","7":"product_cat-talne-obloge","8":"product_cat-vinil-talne-obloge","10":"first","11":"instock","12":"taxable","13":"shipping-taxable","14":"product-type-simple"},"_links":{"self":[{"href":"https:\/\/sbg-strausbuildgroup.com\/hr\/wp-json\/wp\/v2\/product\/30061","targetHints":{"allow":["GET"]}}],"collection":[{"href":"https:\/\/sbg-strausbuildgroup.com\/hr\/wp-json\/wp\/v2\/product"}],"about":[{"href":"https:\/\/sbg-strausbuildgroup.com\/hr\/wp-json\/wp\/v2\/types\/product"}],"replies":[{"embeddable":true,"href":"https:\/\/sbg-strausbuildgroup.com\/hr\/wp-json\/wp\/v2\/comments?post=30061"}],"wp:featuredmedia":[{"embeddable":true,"href":"https:\/\/sbg-strausbuildgroup.com\/hr\/wp-json\/wp\/v2\/media\/30064"}],"wp:attachment":[{"href":"https:\/\/sbg-strausbuildgroup.com\/hr\/wp-json\/wp\/v2\/media?parent=30061"}],"wp:term":[{"taxonomy":"product_brand","embeddable":true,"href":"https:\/\/sbg-strausbuildgroup.com\/hr\/wp-json\/wp\/v2\/product_brand?post=30061"},{"taxonomy":"product_cat","embeddable":true,"href":"https:\/\/sbg-strausbuildgroup.com\/hr\/wp-json\/wp\/v2\/product_cat?post=30061"},{"taxonomy":"product_tag","embeddable":true,"href":"https:\/\/sbg-strausbuildgroup.com\/hr\/wp-json\/wp\/v2\/product_tag?post=30061"}],"curies":[{"name":"wp","href":"https:\/\/api.w.org\/{rel}","templated":true}]}}